{"id":2384,"date":"2025-03-27T09:49:21","date_gmt":"2025-03-27T09:49:21","guid":{"rendered":"http:\/\/localhost\/enkeld.cl\/?page_id=2384"},"modified":"2025-05-13T17:15:21","modified_gmt":"2025-05-13T17:15:21","slug":"medio-ambiente","status":"publish","type":"page","link":"https:\/\/www.enkeld.cl\/?page_id=2384","title":{"rendered":"Medio ambiente"},"content":{"rendered":"\t\t<div data-elementor-type=\"wp-page\" data-elementor-id=\"2384\" class=\"elementor elementor-2384\">\n\t\t\t\t\t\t\t\t\t<section class=\"elementor-section elementor-top-section elementor-element elementor-element-e4ddec7 elementor-section-boxed elementor-section-height-default elementor-section-height-default\" data-id=\"e4ddec7\" data-element_type=\"section\">\n\t\t\t\t\t\t\t<div class=\"elementor-background-overlay\"><\/div>\n\t\t\t\t\t\t\t<div class=\"elementor-container elementor-column-gap-default\">\n\t\t\t\t\t<div class=\"elementor-column elementor-col-100 elementor-top-column elementor-element elementor-element-49cbea2\" data-id=\"49cbea2\" data-element_type=\"column\">\n\t\t\t<div class=\"elementor-widget-wrap elementor-element-populated\">\n\t\t\t\t\t\t\t\t<div class=\"elementor-element elementor-element-3bfe732 elementor-widget elementor-widget-heading\" data-id=\"3bfe732\" data-element_type=\"widget\" data-widget_type=\"heading.default\">\n\t\t\t\t<div class=\"elementor-widget-container\">\n\t\t\t<style>\/*! elementor - v3.12.1 - 02-04-2023 *\/\n.elementor-heading-title{padding:0;margin:0;line-height:1}.elementor-widget-heading .elementor-heading-title[class*=elementor-size-]>a{color:inherit;font-size:inherit;line-height:inherit}.elementor-widget-heading .elementor-heading-title.elementor-size-small{font-size:15px}.elementor-widget-heading .elementor-heading-title.elementor-size-medium{font-size:19px}.elementor-widget-heading .elementor-heading-title.elementor-size-large{font-size:29px}.elementor-widget-heading .elementor-heading-title.elementor-size-xl{font-size:39px}.elementor-widget-heading .elementor-heading-title.elementor-size-xxl{font-size:59px}<\/style><h2 class=\"elementor-heading-title elementor-size-default\">Medio Ambiente<\/h2>\t\t<\/div>\n\t\t\t\t<\/div>\n\t\t\t\t\t<\/div>\n\t\t<\/div>\n\t\t\t\t\t\t\t<\/div>\n\t\t<\/section>\n\t\t\t\t<section class=\"elementor-section elementor-top-section elementor-element elementor-element-89bd1b2 elementor-section-boxed elementor-section-height-default elementor-section-height-default\" data-id=\"89bd1b2\" data-element_type=\"section\">\n\t\t\t\t\t\t<div class=\"elementor-container elementor-column-gap-default\">\n\t\t\t\t\t<div class=\"elementor-column elementor-col-66 elementor-top-column elementor-element elementor-element-02a31e2\" data-id=\"02a31e2\" data-element_type=\"column\">\n\t\t\t<div class=\"elementor-widget-wrap elementor-element-populated\">\n\t\t\t\t\t\t\t\t<div class=\"elementor-element elementor-element-8885e31 elementor-widget elementor-widget-heading\" data-id=\"8885e31\" data-element_type=\"widget\" data-widget_type=\"heading.default\">\n\t\t\t\t<div class=\"elementor-widget-container\">\n\t\t\t<h2 class=\"elementor-heading-title elementor-size-default\">Medio Ambiente y Cultura<\/h2>\t\t<\/div>\n\t\t\t\t<\/div>\n\t\t\t\t<div class=\"elementor-element elementor-element-b09df7e elementor-widget elementor-widget-text-editor\" data-id=\"b09df7e\" data-element_type=\"widget\" data-widget_type=\"text-editor.default\">\n\t\t\t\t<div class=\"elementor-widget-container\">\n\t\t\t<style>\/*! elementor - v3.12.1 - 02-04-2023 *\/\n.elementor-widget-text-editor.elementor-drop-cap-view-stacked .elementor-drop-cap{background-color:#69727d;color:#fff}.elementor-widget-text-editor.elementor-drop-cap-view-framed .elementor-drop-cap{color:#69727d;border:3px solid;background-color:transparent}.elementor-widget-text-editor:not(.elementor-drop-cap-view-default) .elementor-drop-cap{margin-top:8px}.elementor-widget-text-editor:not(.elementor-drop-cap-view-default) .elementor-drop-cap-letter{width:1em;height:1em}.elementor-widget-text-editor .elementor-drop-cap{float:left;text-align:center;line-height:1;font-size:50px}.elementor-widget-text-editor .elementor-drop-cap-letter{display:inline-block}<\/style>\t\t\t\tEstamos a la vanguardia en temas t\u00e9cnicos, ambientales y sociales, profundizando en consultor\u00eda e investigaci\u00f3n en pol\u00edticas p\u00fablicas, evaluaci\u00f3n de cumplimiento legal, implementaci\u00f3n de sistemas de gesti\u00f3n, producci\u00f3n limpia y gesti\u00f3n de residuos, dise\u00f1o y evaluaci\u00f3n de instrumentos de planificaci\u00f3n territorial, estrategias y modelos de desarrollo econ\u00f3mico, auditorias e investigaci\u00f3n de desarrollo cultural comunitario y desarrollo de cultura ind\u00edgena, financiamiento y evaluaciones de sustentabilidad, desarrollo y aplicaci\u00f3n de tecnolog\u00edas, utilizaci\u00f3n de mecanismos de mercado en las \u00e1reas de energ\u00edas renovables, eficiencia energ\u00e9tica y mitigaci\u00f3n de gases de efecto invernadero (GEI), evaluaci\u00f3n y an\u00e1lisis de impactos.\t\t\t\t\t\t<\/div>\n\t\t\t\t<\/div>\n\t\t\t\t\t<\/div>\n\t\t<\/div>\n\t\t\t\t<div class=\"elementor-column elementor-col-33 elementor-top-column elementor-element elementor-element-8dd5b54\" data-id=\"8dd5b54\" data-element_type=\"column\">\n\t\t\t<div class=\"elementor-widget-wrap elementor-element-populated\">\n\t\t\t\t\t\t\t\t<div class=\"elementor-element elementor-element-d9370f5 elementor-widget elementor-widget-image\" data-id=\"d9370f5\" data-element_type=\"widget\" data-widget_type=\"image.default\">\n\t\t\t\t<div class=\"elementor-widget-container\">\n\t\t\t<style>\/*! elementor - v3.12.1 - 02-04-2023 *\/\n.elementor-widget-image{text-align:center}.elementor-widget-image a{display:inline-block}.elementor-widget-image a img[src$=\".svg\"]{width:48px}.elementor-widget-image img{vertical-align:middle;display:inline-block}<\/style>\t\t\t\t\t\t\t\t\t\t\t\t<img width=\"969\" height=\"643\" src=\"https:\/\/www.enkeld.cl\/wp-content\/uploads\/2025\/05\/fvcdsg.jpg\" class=\"attachment-large size-large wp-image-3026\" alt=\"\" loading=\"lazy\" srcset=\"https:\/\/www.enkeld.cl\/wp-content\/uploads\/2025\/05\/fvcdsg.jpg 969w, https:\/\/www.enkeld.cl\/wp-content\/uploads\/2025\/05\/fvcdsg-640x425.jpg 640w, https:\/\/www.enkeld.cl\/wp-content\/uploads\/2025\/05\/fvcdsg-320x212.jpg 320w\" sizes=\"(max-width: 969px) 100vw, 969px\" \/>\t\t\t\t\t\t\t\t\t\t\t\t\t\t\t<\/div>\n\t\t\t\t<\/div>\n\t\t\t\t\t<\/div>\n\t\t<\/div>\n\t\t\t\t\t\t\t<\/div>\n\t\t<\/section>\n\t\t\t\t\t\t\t<\/div>\n\t\t","protected":false},"excerpt":{"rendered":"<p>Medio Ambiente Medio Ambiente y Cultura Estamos a la vanguardia en temas t\u00e9cnicos, ambientales y sociales, profundizando en consultor\u00eda e investigaci\u00f3n en pol\u00edticas p\u00fablicas, evaluaci\u00f3n de cumplimiento legal, implementaci\u00f3n de sistemas de gesti\u00f3n, producci\u00f3n limpia y gesti\u00f3n de residuos, dise\u00f1o y evaluaci\u00f3n de instrumentos de planificaci\u00f3n territorial, estrategias y modelos de desarrollo econ\u00f3mico, auditorias e [&hellip;]<\/p>\n","protected":false},"author":1,"featured_media":0,"parent":0,"menu_order":0,"comment_status":"closed","ping_status":"closed","template":"","meta":[],"_links":{"self":[{"href":"https:\/\/www.enkeld.cl\/index.php?rest_route=\/wp\/v2\/pages\/2384"}],"collection":[{"href":"https:\/\/www.enkeld.cl\/index.php?rest_route=\/wp\/v2\/pages"}],"about":[{"href":"https:\/\/www.enkeld.cl\/index.php?rest_route=\/wp\/v2\/types\/page"}],"author":[{"embeddable":true,"href":"https:\/\/www.enkeld.cl\/index.php?rest_route=\/wp\/v2\/users\/1"}],"replies":[{"embeddable":true,"href":"https:\/\/www.enkeld.cl\/index.php?rest_route=%2Fwp%2Fv2%2Fcomments&post=2384"}],"version-history":[{"count":52,"href":"https:\/\/www.enkeld.cl\/index.php?rest_route=\/wp\/v2\/pages\/2384\/revisions"}],"predecessor-version":[{"id":3029,"href":"https:\/\/www.enkeld.cl\/index.php?rest_route=\/wp\/v2\/pages\/2384\/revisions\/3029"}],"wp:attachment":[{"href":"https:\/\/www.enkeld.cl\/index.php?rest_route=%2Fwp%2Fv2%2Fmedia&parent=2384"}],"curies":[{"name":"wp","href":"https:\/\/api.w.org\/{rel}","templated":true}]}}